{"id":3401,"date":"2025-04-17T07:39:39","date_gmt":"2025-04-17T07:39:39","guid":{"rendered":"https:\/\/mgfg.io\/?page_id=3401"},"modified":"2026-02-10T09:09:20","modified_gmt":"2026-02-10T09:09:20","slug":"news-and-blog","status":"publish","type":"page","link":"https:\/\/mgfg.io\/da\/news-and-blog","title":{"rendered":"Nyheder og Blog"},"content":{"rendered":"<div data-elementor-type=\"wp-page\" data-elementor-id=\"3401\" class=\"elementor elementor-3401\" data-elementor-post-type=\"page\">\n\t\t\t\t<div class=\"elementor-element elementor-element-dfa1990 e-flex e-con-boxed e-con e-parent\" data-id=\"dfa1990\" data-element_type=\"container\" data-e-type=\"container\" data-settings=\"{&quot;background_background&quot;:&quot;classic&quot;}\">\n\t\t\t\t\t<div class=\"e-con-inner\">\n\t\t<div class=\"elementor-element elementor-element-16c4d82 e-con-full e-flex e-con e-child\" data-id=\"16c4d82\" data-element_type=\"container\" data-e-type=\"container\">\n\t\t\t\t<div class=\"elementor-element elementor-element-5dc2af2 elementor-widget elementor-widget-heading\" data-id=\"5dc2af2\" data-element_type=\"widget\" data-e-type=\"widget\" data-widget_type=\"heading.default\">\n\t\t\t\t\t<div class=\"elementor-heading-title elementor-size-default\">Nyheder og Blog<\/div>\t\t\t\t<\/div>\n\t\t\t\t<\/div>\n\t\t<div class=\"elementor-element elementor-element-f48bf3c e-con-full e-flex e-con e-child\" data-id=\"f48bf3c\" data-element_type=\"container\" data-e-type=\"container\">\n\t\t\t\t<div class=\"elementor-element elementor-element-51f9a3d elementor-widget elementor-widget-image\" data-id=\"51f9a3d\" data-element_type=\"widget\" data-e-type=\"widget\" data-widget_type=\"image.default\">\n\t\t\t\t\t\t\t\t\t\t\t\t\t\t\t<img fetchpriority=\"high\" decoding=\"async\" width=\"1000\" height=\"591\" src=\"https:\/\/mgfg.io\/wp-content\/uploads\/2025\/04\/6798.jpg\" class=\"attachment-large size-large wp-image-3351\" alt=\"\" srcset=\"https:\/\/mgfg.io\/wp-content\/uploads\/2025\/04\/6798.jpg 1000w, https:\/\/mgfg.io\/wp-content\/uploads\/2025\/04\/6798-300x177.jpg 300w, https:\/\/mgfg.io\/wp-content\/uploads\/2025\/04\/6798-768x454.jpg 768w\" sizes=\"(max-width: 1000px) 100vw, 1000px\" loading=\"eager\" \/>\t\t\t\t\t\t\t\t\t\t\t\t\t\t\t<\/div>\n\t\t\t\t<\/div>\n\t\t\t\t\t<\/div>\n\t\t\t\t<\/div>\n\t\t<div class=\"elementor-element elementor-element-6c2b695 e-flex e-con-boxed e-con e-parent\" data-id=\"6c2b695\" data-element_type=\"container\" data-e-type=\"container\">\n\t\t\t\t\t<div class=\"e-con-inner\">\n\t\t\t\t<div class=\"elementor-element elementor-element-2a51fec elementor-grid-3 elementor-grid-tablet-2 elementor-grid-mobile-1 elementor-posts--thumbnail-top elementor-widget elementor-widget-posts\" data-id=\"2a51fec\" data-element_type=\"widget\" data-e-type=\"widget\" data-settings=\"{&quot;classic_row_gap&quot;:{&quot;unit&quot;:&quot;px&quot;,&quot;size&quot;:50,&quot;sizes&quot;:[]},&quot;classic_columns&quot;:&quot;3&quot;,&quot;classic_columns_tablet&quot;:&quot;2&quot;,&quot;classic_columns_mobile&quot;:&quot;1&quot;,&quot;classic_row_gap_widescreen&quot;:{&quot;unit&quot;:&quot;px&quot;,&quot;size&quot;:&quot;&quot;,&quot;sizes&quot;:[]},&quot;classic_row_gap_tablet&quot;:{&quot;unit&quot;:&quot;px&quot;,&quot;size&quot;:&quot;&quot;,&quot;sizes&quot;:[]},&quot;classic_row_gap_mobile&quot;:{&quot;unit&quot;:&quot;px&quot;,&quot;size&quot;:&quot;&quot;,&quot;sizes&quot;:[]}}\" data-widget_type=\"posts.classic\">\n\t\t\t\t<div class=\"elementor-widget-container\">\n\t\t\t\t\t\t\t<div class=\"elementor-posts-container elementor-posts elementor-posts--skin-classic elementor-grid\" role=\"list\">\n\t\t\t\t<article class=\"elementor-post elementor-grid-item post-3575 post type-post status-publish format-standard hentry category-uncategorized\" role=\"listitem\">\n\t\t\t\t<div class=\"elementor-post__text\">\n\t\t\t\t<h3 class=\"elementor-post__title\">\n\t\t\t<a href=\"https:\/\/mgfg.io\/da\/the-business-value-of-proactive-it-maintenance-in-a-high-demand-digital-environment\" >\n\t\t\t\tDen Forretningsm\u00e6ssige V\u00e6rdi af Proaktiv IT-Vedligeholdelse i en H\u00f8j Eftersp\u00f8rgsel Digitale Milj\u00f8\t\t\t<\/a>\n\t\t<\/h3>\n\t\t\t\t<div class=\"elementor-post__excerpt\">\n\t\t\t<p>Som organisationer er mere afh\u00e6ngige af digitale v\u00e6rkt\u00f8jer, cloud-platforme, og indbyrdes forbundne systemer, vigtigheden af en proaktiv IT-vedligeholdelse forts\u00e6tter med at vokse. I stedet for at vente til sp\u00f8rgsm\u00e5l at forstyrre operationer, virksomheder g\u00e5r i retning af forebyggende strategier for at holde systemer stabil,<\/p>\n\t\t<\/div>\n\t\t\n\t\t<a class=\"elementor-post__read-more\" href=\"https:\/\/mgfg.io\/da\/the-business-value-of-proactive-it-maintenance-in-a-high-demand-digital-environment\" aria-label=\"Read more about The Business Value of Proactive IT Maintenance in a High\u2011Demand Digital Environment\" tabindex=\"-1\" >\n\t\t\tL\u00e6s Mere \"\t\t<\/a>\n\n\t\t\t\t<\/div>\n\t\t\t\t<\/article>\n\t\t\t\t<article class=\"elementor-post elementor-grid-item post-3573 post type-post status-publish format-standard hentry category-uncategorized\" role=\"listitem\">\n\t\t\t\t<div class=\"elementor-post__text\">\n\t\t\t\t<h3 class=\"elementor-post__title\">\n\t\t\t<a href=\"https:\/\/mgfg.io\/da\/how-digital-transformation-strengthens-operational-efficiency-and-long-term-growth\" >\n\t\t\t\tHvordan Digitale Transformation Styrker den Operationelle Effektivitet og V\u00e6kst p\u00e5 Lang Sigt\t\t\t<\/a>\n\t\t<\/h3>\n\t\t\t\t<div class=\"elementor-post__excerpt\">\n\t\t\t<p>Digitale transformation er blevet en afg\u00f8rende faktor for organisationer, der sigter mod at forblive konkurrencedygtige i et hastigt udviklende marked. Det er ikke l\u00e6ngere begr\u00e6nset til vedtagelse af nye teknologier \u2014 det er en strategisk skift i, hvordan virksomheder fungerer, levere v\u00e6rdi, og<\/p>\n\t\t<\/div>\n\t\t\n\t\t<a class=\"elementor-post__read-more\" href=\"https:\/\/mgfg.io\/da\/how-digital-transformation-strengthens-operational-efficiency-and-long-term-growth\" aria-label=\"Read more about How Digital Transformation Strengthens Operational Efficiency and Long\u2011Term Growth\" tabindex=\"-1\" >\n\t\t\tL\u00e6s Mere \"\t\t<\/a>\n\n\t\t\t\t<\/div>\n\t\t\t\t<\/article>\n\t\t\t\t<article class=\"elementor-post elementor-grid-item post-3570 post type-post status-publish format-standard hentry category-uncategorized\" role=\"listitem\">\n\t\t\t\t<div class=\"elementor-post__text\">\n\t\t\t\t<h3 class=\"elementor-post__title\">\n\t\t\t<a href=\"https:\/\/mgfg.io\/da\/why-cybersecurity-readiness-determines-business-resilience-in-the-digital-era\" >\n\t\t\t\tHvorfor Cybersecurity Vilje Bestemmer Business Modstandskraft i den Digitale Tidsalder\t\t\t<\/a>\n\t\t<\/h3>\n\t\t\t\t<div class=\"elementor-post__excerpt\">\n\t\t\t<p>Som organisationer forts\u00e6tter med at digitalisere deres operationer, cybersecurity vilje er blevet en af de mest kritiske faktorer, der har indflydelse p\u00e5 lang sigt business modstandskraft. Moderne virksomheder er afh\u00e6ngige af indbyrdes forbundne systemer, cloud-platforme, fjernbetjening arbejde milj\u00f8er, og data\u2011driven processer. Mens disse teknologier giver v\u00e6kst,<\/p>\n\t\t<\/div>\n\t\t\n\t\t<a class=\"elementor-post__read-more\" href=\"https:\/\/mgfg.io\/da\/why-cybersecurity-readiness-determines-business-resilience-in-the-digital-era\" aria-label=\"Read more about Why Cybersecurity Readiness Determines Business Resilience in the Digital Era\" tabindex=\"-1\" >\n\t\t\tL\u00e6s Mere \"\t\t<\/a>\n\n\t\t\t\t<\/div>\n\t\t\t\t<\/article>\n\t\t\t\t<article class=\"elementor-post elementor-grid-item post-3568 post type-post status-publish format-standard hentry category-uncategorized\" role=\"listitem\">\n\t\t\t\t<div class=\"elementor-post__text\">\n\t\t\t\t<h3 class=\"elementor-post__title\">\n\t\t\t<a href=\"https:\/\/mgfg.io\/da\/how-cloud-migration-accelerates-business-innovation-and-reduces-operational-costs\" >\n\t\t\t\tHvordan Cloud Migrations-Accelererer virksomhedernes Innovation og Reducerer driftsomkostninger\t\t\t<\/a>\n\t\t<\/h3>\n\t\t\t\t<div class=\"elementor-post__excerpt\">\n\t\t\t<p>Cloud migration er blevet et af de mest virkningsfulde skridt virksomheder kan tage for at modernisere deres IT-infrastruktur. Som organisationer vokse, traditionelle on\u2011premises systemer, som ofte k\u00e6mper for at holde trit med de stigende krav til ydeevne, sikkerhed og skalerbarhed. Flytter til<\/p>\n\t\t<\/div>\n\t\t\n\t\t<a class=\"elementor-post__read-more\" href=\"https:\/\/mgfg.io\/da\/how-cloud-migration-accelerates-business-innovation-and-reduces-operational-costs\" aria-label=\"Read more about How Cloud Migration Accelerates Business Innovation and Reduces Operational Costs\" tabindex=\"-1\" >\n\t\t\tL\u00e6s Mere \"\t\t<\/a>\n\n\t\t\t\t<\/div>\n\t\t\t\t<\/article>\n\t\t\t\t<article class=\"elementor-post elementor-grid-item post-3566 post type-post status-publish format-standard hentry category-uncategorized\" role=\"listitem\">\n\t\t\t\t<div class=\"elementor-post__text\">\n\t\t\t\t<h3 class=\"elementor-post__title\">\n\t\t\t<a href=\"https:\/\/mgfg.io\/da\/how-professional-it-support-enhances-security-and-efficiency-in-modern-organizations\" >\n\t\t\t\tHvordan Professionelle IT-Support \u00d8ger Sikkerheden og Effektiviteten i Moderne Organisationer\t\t\t<\/a>\n\t\t<\/h3>\n\t\t\t\t<div class=\"elementor-post__excerpt\">\n\t\t\t<p>Som digitale systemer bliver rygraden i forretninger, eftersp\u00f8rgslen efter p\u00e5lidelige IT-support forts\u00e6tter med at vokse. Virksomheder er afh\u00e6ngige af teknologi til kommunikation, data management, customer service, og interne arbejdsgange. N\u00e5r disse systemer svigter eller bliver s\u00e5rbare, hele<\/p>\n\t\t<\/div>\n\t\t\n\t\t<a class=\"elementor-post__read-more\" href=\"https:\/\/mgfg.io\/da\/how-professional-it-support-enhances-security-and-efficiency-in-modern-organizations\" aria-label=\"Read more about How Professional IT Support Enhances Security and Efficiency in Modern Organizations\" tabindex=\"-1\" >\n\t\t\tL\u00e6s Mere \"\t\t<\/a>\n\n\t\t\t\t<\/div>\n\t\t\t\t<\/article>\n\t\t\t\t<article class=\"elementor-post elementor-grid-item post-3564 post type-post status-publish format-standard hentry category-uncategorized\" role=\"listitem\">\n\t\t\t\t<div class=\"elementor-post__text\">\n\t\t\t\t<h3 class=\"elementor-post__title\">\n\t\t\t<a href=\"https:\/\/mgfg.io\/da\/the-importance-of-modern-it-infrastructure-for-business-growth\" >\n\t\t\t\tBetydningen af Moderne IT-Infrastruktur for virksomhedernes V\u00e6kst\t\t\t<\/a>\n\t\t<\/h3>\n\t\t\t\t<div class=\"elementor-post__excerpt\">\n\t\t\t<p>I et konkurrencepr\u00e6get digitale milj\u00f8, en virksomheds succes afh\u00e6nger af p\u00e5lidelighed, sikkerhed og skalerbarhed af sin IT-infrastruktur. Organisationer af alle st\u00f8rrelser, der er afh\u00e6ngige af teknologi til at levere tjenesteydelser, beskytte f\u00f8lsomme data, og opretholde den operationelle kontinuitet. Efterh\u00e5nden som systemerne bliver mere<\/p>\n\t\t<\/div>\n\t\t\n\t\t<a class=\"elementor-post__read-more\" href=\"https:\/\/mgfg.io\/da\/the-importance-of-modern-it-infrastructure-for-business-growth\" aria-label=\"Read more about The Importance of Modern IT Infrastructure for Business Growth\" tabindex=\"-1\" >\n\t\t\tL\u00e6s Mere \"\t\t<\/a>\n\n\t\t\t\t<\/div>\n\t\t\t\t<\/article>\n\t\t\t\t<\/div>\n\t\t\n\t\t\t\t\t\t<\/div>\n\t\t\t\t<\/div>\n\t\t\t\t\t<\/div>\n\t\t\t\t<\/div>\n\t\t\t\t<\/div>","protected":false},"excerpt":{"rendered":"<p>Nyheder og Blog<\/p>","protected":false},"author":1,"featured_media":0,"parent":0,"menu_order":0,"comment_status":"closed","ping_status":"closed","template":"","meta":{"footnotes":""},"class_list":["post-3401","page","type-page","status-publish","hentry"],"_links":{"self":[{"href":"https:\/\/mgfg.io\/da\/wp-json\/wp\/v2\/pages\/3401","targetHints":{"allow":["GET"]}}],"collection":[{"href":"https:\/\/mgfg.io\/da\/wp-json\/wp\/v2\/pages"}],"about":[{"href":"https:\/\/mgfg.io\/da\/wp-json\/wp\/v2\/types\/page"}],"author":[{"embeddable":true,"href":"https:\/\/mgfg.io\/da\/wp-json\/wp\/v2\/users\/1"}],"replies":[{"embeddable":true,"href":"https:\/\/mgfg.io\/da\/wp-json\/wp\/v2\/comments?post=3401"}],"version-history":[{"count":25,"href":"https:\/\/mgfg.io\/da\/wp-json\/wp\/v2\/pages\/3401\/revisions"}],"predecessor-version":[{"id":3595,"href":"https:\/\/mgfg.io\/da\/wp-json\/wp\/v2\/pages\/3401\/revisions\/3595"}],"wp:attachment":[{"href":"https:\/\/mgfg.io\/da\/wp-json\/wp\/v2\/media?parent=3401"}],"curies":[{"name":"wp","href":"https:\/\/api.w.org\/{rel}","templated":true}]}}