{"id":3401,"date":"2025-04-17T07:39:39","date_gmt":"2025-04-17T07:39:39","guid":{"rendered":"https:\/\/mgfg.io\/?page_id=3401"},"modified":"2026-02-10T09:09:20","modified_gmt":"2026-02-10T09:09:20","slug":"news-and-blog","status":"publish","type":"page","link":"https:\/\/mgfg.io\/de\/news-and-blog","title":{"rendered":"News und Blog"},"content":{"rendered":"<div data-elementor-type=\"wp-page\" data-elementor-id=\"3401\" class=\"elementor elementor-3401\" data-elementor-post-type=\"page\">\n\t\t\t\t<div class=\"elementor-element elementor-element-dfa1990 e-flex e-con-boxed e-con e-parent\" data-id=\"dfa1990\" data-element_type=\"container\" data-e-type=\"container\" data-settings=\"{&quot;background_background&quot;:&quot;classic&quot;}\">\n\t\t\t\t\t<div class=\"e-con-inner\">\n\t\t<div class=\"elementor-element elementor-element-16c4d82 e-con-full e-flex e-con e-child\" data-id=\"16c4d82\" data-element_type=\"container\" data-e-type=\"container\">\n\t\t\t\t<div class=\"elementor-element elementor-element-5dc2af2 elementor-widget elementor-widget-heading\" data-id=\"5dc2af2\" data-element_type=\"widget\" data-e-type=\"widget\" data-widget_type=\"heading.default\">\n\t\t\t\t\t<div class=\"elementor-heading-title elementor-size-default\">News und Blog<\/div>\t\t\t\t<\/div>\n\t\t\t\t<\/div>\n\t\t<div class=\"elementor-element elementor-element-f48bf3c e-con-full e-flex e-con e-child\" data-id=\"f48bf3c\" data-element_type=\"container\" data-e-type=\"container\">\n\t\t\t\t<div class=\"elementor-element elementor-element-51f9a3d elementor-widget elementor-widget-image\" data-id=\"51f9a3d\" data-element_type=\"widget\" data-e-type=\"widget\" data-widget_type=\"image.default\">\n\t\t\t\t\t\t\t\t\t\t\t\t\t\t\t<img fetchpriority=\"high\" decoding=\"async\" width=\"1000\" height=\"591\" src=\"https:\/\/mgfg.io\/wp-content\/uploads\/2025\/04\/6798.jpg\" class=\"attachment-large size-large wp-image-3351\" alt=\"\" srcset=\"https:\/\/mgfg.io\/wp-content\/uploads\/2025\/04\/6798.jpg 1000w, https:\/\/mgfg.io\/wp-content\/uploads\/2025\/04\/6798-300x177.jpg 300w, https:\/\/mgfg.io\/wp-content\/uploads\/2025\/04\/6798-768x454.jpg 768w\" sizes=\"(max-width: 1000px) 100vw, 1000px\" loading=\"eager\" \/>\t\t\t\t\t\t\t\t\t\t\t\t\t\t\t<\/div>\n\t\t\t\t<\/div>\n\t\t\t\t\t<\/div>\n\t\t\t\t<\/div>\n\t\t<div class=\"elementor-element elementor-element-6c2b695 e-flex e-con-boxed e-con e-parent\" data-id=\"6c2b695\" data-element_type=\"container\" data-e-type=\"container\">\n\t\t\t\t\t<div class=\"e-con-inner\">\n\t\t\t\t<div class=\"elementor-element elementor-element-2a51fec elementor-grid-3 elementor-grid-tablet-2 elementor-grid-mobile-1 elementor-posts--thumbnail-top elementor-widget elementor-widget-posts\" data-id=\"2a51fec\" data-element_type=\"widget\" data-e-type=\"widget\" data-settings=\"{&quot;classic_row_gap&quot;:{&quot;unit&quot;:&quot;px&quot;,&quot;size&quot;:50,&quot;sizes&quot;:[]},&quot;classic_columns&quot;:&quot;3&quot;,&quot;classic_columns_tablet&quot;:&quot;2&quot;,&quot;classic_columns_mobile&quot;:&quot;1&quot;,&quot;classic_row_gap_widescreen&quot;:{&quot;unit&quot;:&quot;px&quot;,&quot;size&quot;:&quot;&quot;,&quot;sizes&quot;:[]},&quot;classic_row_gap_tablet&quot;:{&quot;unit&quot;:&quot;px&quot;,&quot;size&quot;:&quot;&quot;,&quot;sizes&quot;:[]},&quot;classic_row_gap_mobile&quot;:{&quot;unit&quot;:&quot;px&quot;,&quot;size&quot;:&quot;&quot;,&quot;sizes&quot;:[]}}\" data-widget_type=\"posts.classic\">\n\t\t\t\t<div class=\"elementor-widget-container\">\n\t\t\t\t\t\t\t<div class=\"elementor-posts-container elementor-posts elementor-posts--skin-classic elementor-grid\" role=\"list\">\n\t\t\t\t<article class=\"elementor-post elementor-grid-item post-3575 post type-post status-publish format-standard hentry category-uncategorized\" role=\"listitem\">\n\t\t\t\t<div class=\"elementor-post__text\">\n\t\t\t\t<h3 class=\"elementor-post__title\">\n\t\t\t<a href=\"https:\/\/mgfg.io\/de\/the-business-value-of-proactive-it-maintenance-in-a-high-demand-digital-environment\" >\n\t\t\t\tDie Business Wert von Proaktiven IT-Wartung in eine Hohe\u2011Nachfrage Digitalen Umfeld\t\t\t<\/a>\n\t\t<\/h3>\n\t\t\t\t<div class=\"elementor-post__excerpt\">\n\t\t\t<p>Als Unternehmen verlassen sich st\u00e4rker auf digitale tools, cloud-Plattformen und vernetzten Systemen, die Bedeutung von proaktiven IT-Wartung weiter zu wachsen. Anstatt zu warten, f\u00fcr Fragen und den Betriebsablauf zu st\u00f6ren, Unternehmen verlagert pr\u00e4ventive Strategien zu halten, dass Systeme stabil,<\/p>\n\t\t<\/div>\n\t\t\n\t\t<a class=\"elementor-post__read-more\" href=\"https:\/\/mgfg.io\/de\/the-business-value-of-proactive-it-maintenance-in-a-high-demand-digital-environment\" aria-label=\"Read more about The Business Value of Proactive IT Maintenance in a High\u2011Demand Digital Environment\" tabindex=\"-1\" >\n\t\t\tLesen Sie Mehr \u00bb\t\t<\/a>\n\n\t\t\t\t<\/div>\n\t\t\t\t<\/article>\n\t\t\t\t<article class=\"elementor-post elementor-grid-item post-3573 post type-post status-publish format-standard hentry category-uncategorized\" role=\"listitem\">\n\t\t\t\t<div class=\"elementor-post__text\">\n\t\t\t\t<h3 class=\"elementor-post__title\">\n\t\t\t<a href=\"https:\/\/mgfg.io\/de\/how-digital-transformation-strengthens-operational-efficiency-and-long-term-growth\" >\n\t\t\t\tWie die Digitale Transformation St\u00e4rkt die Betriebliche Effizienz und Lange\u2011Term Wachstum\t\t\t<\/a>\n\t\t<\/h3>\n\t\t\t\t<div class=\"elementor-post__excerpt\">\n\t\t\t<p>Die digitale transformation hat sich zu einem bestimmenden Faktor f\u00fcr Organisationen anstreben, um konkurrenzf\u00e4hig zu bleiben in einer sich rasch entwickelnden Markt. Es ist nicht mehr beschr\u00e4nkt auf die Einf\u00fchrung neuer Technologien \u2014 es stellt eine strategische Verschiebung, wie Unternehmen operieren, liefern Wert, und<\/p>\n\t\t<\/div>\n\t\t\n\t\t<a class=\"elementor-post__read-more\" href=\"https:\/\/mgfg.io\/de\/how-digital-transformation-strengthens-operational-efficiency-and-long-term-growth\" aria-label=\"Read more about How Digital Transformation Strengthens Operational Efficiency and Long\u2011Term Growth\" tabindex=\"-1\" >\n\t\t\tLesen Sie Mehr \u00bb\t\t<\/a>\n\n\t\t\t\t<\/div>\n\t\t\t\t<\/article>\n\t\t\t\t<article class=\"elementor-post elementor-grid-item post-3570 post type-post status-publish format-standard hentry category-uncategorized\" role=\"listitem\">\n\t\t\t\t<div class=\"elementor-post__text\">\n\t\t\t\t<h3 class=\"elementor-post__title\">\n\t\t\t<a href=\"https:\/\/mgfg.io\/de\/why-cybersecurity-readiness-determines-business-resilience-in-the-digital-era\" >\n\t\t\t\tWarum Cybersecurity-Bereitschaft Bestimmt, Business-Resilienz-in der Digitalen \u00c4ra\t\t\t<\/a>\n\t\t<\/h3>\n\t\t\t\t<div class=\"elementor-post__excerpt\">\n\t\t\t<p>Da Unternehmen weiterhin zu digitalisieren Ihren Betrieb, cybersecurity readiness hat sich zu einem der wichtigsten Einflussfaktoren auf die langfristige business resilience. Moderne Unternehmen setzen auf vernetzte Systeme, cloud-Plattformen, die remote-Arbeit-Umgebungen und Daten\u2011getriebene Prozesse. W\u00e4hrend diese Technologien erm\u00f6glichen Wachstum,<\/p>\n\t\t<\/div>\n\t\t\n\t\t<a class=\"elementor-post__read-more\" href=\"https:\/\/mgfg.io\/de\/why-cybersecurity-readiness-determines-business-resilience-in-the-digital-era\" aria-label=\"Read more about Why Cybersecurity Readiness Determines Business Resilience in the Digital Era\" tabindex=\"-1\" >\n\t\t\tLesen Sie Mehr \u00bb\t\t<\/a>\n\n\t\t\t\t<\/div>\n\t\t\t\t<\/article>\n\t\t\t\t<article class=\"elementor-post elementor-grid-item post-3568 post type-post status-publish format-standard hentry category-uncategorized\" role=\"listitem\">\n\t\t\t\t<div class=\"elementor-post__text\">\n\t\t\t\t<h3 class=\"elementor-post__title\">\n\t\t\t<a href=\"https:\/\/mgfg.io\/de\/how-cloud-migration-accelerates-business-innovation-and-reduces-operational-costs\" >\n\t\t\t\tWie Cloud-Migration Beschleunigt die Innovation der Unternehmen und Reduziert die Betriebskosten\t\t\t<\/a>\n\t\t<\/h3>\n\t\t\t\t<div class=\"elementor-post__excerpt\">\n\t\t\t<p>Migration in die Cloud hat sich zu einem der am meisten wirkungsvolle Schritte, die Unternehmen ergreifen k\u00f6nnen, um die Modernisierung Ihrer IT-Infrastruktur. Als Organisationen wachsen, traditionelle on\u2011premises-Systeme oft schwer zu halten mit den steigenden Anforderungen an performance, Sicherheit und Skalierbarkeit. Umzug in die<\/p>\n\t\t<\/div>\n\t\t\n\t\t<a class=\"elementor-post__read-more\" href=\"https:\/\/mgfg.io\/de\/how-cloud-migration-accelerates-business-innovation-and-reduces-operational-costs\" aria-label=\"Read more about How Cloud Migration Accelerates Business Innovation and Reduces Operational Costs\" tabindex=\"-1\" >\n\t\t\tLesen Sie Mehr \u00bb\t\t<\/a>\n\n\t\t\t\t<\/div>\n\t\t\t\t<\/article>\n\t\t\t\t<article class=\"elementor-post elementor-grid-item post-3566 post type-post status-publish format-standard hentry category-uncategorized\" role=\"listitem\">\n\t\t\t\t<div class=\"elementor-post__text\">\n\t\t\t\t<h3 class=\"elementor-post__title\">\n\t\t\t<a href=\"https:\/\/mgfg.io\/de\/how-professional-it-support-enhances-security-and-efficiency-in-modern-organizations\" >\n\t\t\t\tWie ES Professionelle Unterst\u00fctzung Erh\u00f6ht die Sicherheit und Effizienz in Modernen Organisationen\t\t\t<\/a>\n\t\t<\/h3>\n\t\t\t\t<div class=\"elementor-post__excerpt\">\n\t\t\t<p>Als digital-Systeme zum R\u00fcckgrat des Gesch\u00e4ftsbetriebes, die Nachfrage nach zuverl\u00e4ssigen IT-support weiter zu wachsen. Die Unternehmen abh\u00e4ngig von Technologie f\u00fcr Kommunikation, Daten-management, Kunden-service und die internen Abl\u00e4ufe. Wenn diese Systeme ausfallen, oder anf\u00e4llig ist, wird der gesamte<\/p>\n\t\t<\/div>\n\t\t\n\t\t<a class=\"elementor-post__read-more\" href=\"https:\/\/mgfg.io\/de\/how-professional-it-support-enhances-security-and-efficiency-in-modern-organizations\" aria-label=\"Read more about How Professional IT Support Enhances Security and Efficiency in Modern Organizations\" tabindex=\"-1\" >\n\t\t\tLesen Sie Mehr \u00bb\t\t<\/a>\n\n\t\t\t\t<\/div>\n\t\t\t\t<\/article>\n\t\t\t\t<article class=\"elementor-post elementor-grid-item post-3564 post type-post status-publish format-standard hentry category-uncategorized\" role=\"listitem\">\n\t\t\t\t<div class=\"elementor-post__text\">\n\t\t\t\t<h3 class=\"elementor-post__title\">\n\t\t\t<a href=\"https:\/\/mgfg.io\/de\/the-importance-of-modern-it-infrastructure-for-business-growth\" >\n\t\t\t\tDie Bedeutung der Modernen IT-Infrastruktur f\u00fcr das Wachstum von Unternehmen\t\t\t<\/a>\n\t\t<\/h3>\n\t\t\t\t<div class=\"elementor-post__excerpt\">\n\t\t\t<p>In einem wettbewerbsorientierten digitalen Umfeld, der Erfolg eines Unternehmens h\u00e4ngt von der Zuverl\u00e4ssigkeit, Sicherheit und Skalierbarkeit der IT-Infrastruktur. Unternehmen aller Gr\u00f6\u00dfen verlassen sich auf Technologie, um Dienstleistungen zu erbringen, sensible Daten sch\u00fctzen und erhalten Sie die betriebliche Kontinuit\u00e4t. Systeme werden immer mehr<\/p>\n\t\t<\/div>\n\t\t\n\t\t<a class=\"elementor-post__read-more\" href=\"https:\/\/mgfg.io\/de\/the-importance-of-modern-it-infrastructure-for-business-growth\" aria-label=\"Read more about The Importance of Modern IT Infrastructure for Business Growth\" tabindex=\"-1\" >\n\t\t\tLesen Sie Mehr \u00bb\t\t<\/a>\n\n\t\t\t\t<\/div>\n\t\t\t\t<\/article>\n\t\t\t\t<\/div>\n\t\t\n\t\t\t\t\t\t<\/div>\n\t\t\t\t<\/div>\n\t\t\t\t\t<\/div>\n\t\t\t\t<\/div>\n\t\t\t\t<\/div>","protected":false},"excerpt":{"rendered":"<p>News und Blog<\/p>","protected":false},"author":1,"featured_media":0,"parent":0,"menu_order":0,"comment_status":"closed","ping_status":"closed","template":"","meta":{"footnotes":""},"class_list":["post-3401","page","type-page","status-publish","hentry"],"_links":{"self":[{"href":"https:\/\/mgfg.io\/de\/wp-json\/wp\/v2\/pages\/3401","targetHints":{"allow":["GET"]}}],"collection":[{"href":"https:\/\/mgfg.io\/de\/wp-json\/wp\/v2\/pages"}],"about":[{"href":"https:\/\/mgfg.io\/de\/wp-json\/wp\/v2\/types\/page"}],"author":[{"embeddable":true,"href":"https:\/\/mgfg.io\/de\/wp-json\/wp\/v2\/users\/1"}],"replies":[{"embeddable":true,"href":"https:\/\/mgfg.io\/de\/wp-json\/wp\/v2\/comments?post=3401"}],"version-history":[{"count":25,"href":"https:\/\/mgfg.io\/de\/wp-json\/wp\/v2\/pages\/3401\/revisions"}],"predecessor-version":[{"id":3595,"href":"https:\/\/mgfg.io\/de\/wp-json\/wp\/v2\/pages\/3401\/revisions\/3595"}],"wp:attachment":[{"href":"https:\/\/mgfg.io\/de\/wp-json\/wp\/v2\/media?parent=3401"}],"curies":[{"name":"wp","href":"https:\/\/api.w.org\/{rel}","templated":true}]}}