{"id":3401,"date":"2025-04-17T07:39:39","date_gmt":"2025-04-17T07:39:39","guid":{"rendered":"https:\/\/mgfg.io\/?page_id=3401"},"modified":"2026-02-10T09:09:20","modified_gmt":"2026-02-10T09:09:20","slug":"news-and-blog","status":"publish","type":"page","link":"https:\/\/mgfg.io\/es\/news-and-blog","title":{"rendered":"Blog"},"content":{"rendered":"<div data-elementor-type=\"wp-page\" data-elementor-id=\"3401\" class=\"elementor elementor-3401\" data-elementor-post-type=\"page\">\n\t\t\t\t<div class=\"elementor-element elementor-element-dfa1990 e-flex e-con-boxed e-con e-parent\" data-id=\"dfa1990\" data-element_type=\"container\" data-e-type=\"container\" data-settings=\"{&quot;background_background&quot;:&quot;classic&quot;}\">\n\t\t\t\t\t<div class=\"e-con-inner\">\n\t\t<div class=\"elementor-element elementor-element-16c4d82 e-con-full e-flex e-con e-child\" data-id=\"16c4d82\" data-element_type=\"container\" data-e-type=\"container\">\n\t\t\t\t<div class=\"elementor-element elementor-element-5dc2af2 elementor-widget elementor-widget-heading\" data-id=\"5dc2af2\" data-element_type=\"widget\" data-e-type=\"widget\" data-widget_type=\"heading.default\">\n\t\t\t\t\t<div class=\"elementor-heading-title elementor-size-default\">Blog<\/div>\t\t\t\t<\/div>\n\t\t\t\t<\/div>\n\t\t<div class=\"elementor-element elementor-element-f48bf3c e-con-full e-flex e-con e-child\" data-id=\"f48bf3c\" data-element_type=\"container\" data-e-type=\"container\">\n\t\t\t\t<div class=\"elementor-element elementor-element-51f9a3d elementor-widget elementor-widget-image\" data-id=\"51f9a3d\" data-element_type=\"widget\" data-e-type=\"widget\" data-widget_type=\"image.default\">\n\t\t\t\t\t\t\t\t\t\t\t\t\t\t\t<img fetchpriority=\"high\" decoding=\"async\" width=\"1000\" height=\"591\" src=\"https:\/\/mgfg.io\/wp-content\/uploads\/2025\/04\/6798.jpg\" class=\"attachment-large size-large wp-image-3351\" alt=\"\" srcset=\"https:\/\/mgfg.io\/wp-content\/uploads\/2025\/04\/6798.jpg 1000w, https:\/\/mgfg.io\/wp-content\/uploads\/2025\/04\/6798-300x177.jpg 300w, https:\/\/mgfg.io\/wp-content\/uploads\/2025\/04\/6798-768x454.jpg 768w\" sizes=\"(max-width: 1000px) 100vw, 1000px\" loading=\"eager\" \/>\t\t\t\t\t\t\t\t\t\t\t\t\t\t\t<\/div>\n\t\t\t\t<\/div>\n\t\t\t\t\t<\/div>\n\t\t\t\t<\/div>\n\t\t<div class=\"elementor-element elementor-element-6c2b695 e-flex e-con-boxed e-con e-parent\" data-id=\"6c2b695\" data-element_type=\"container\" data-e-type=\"container\">\n\t\t\t\t\t<div class=\"e-con-inner\">\n\t\t\t\t<div class=\"elementor-element elementor-element-2a51fec elementor-grid-3 elementor-grid-tablet-2 elementor-grid-mobile-1 elementor-posts--thumbnail-top elementor-widget elementor-widget-posts\" data-id=\"2a51fec\" data-element_type=\"widget\" data-e-type=\"widget\" data-settings=\"{&quot;classic_row_gap&quot;:{&quot;unit&quot;:&quot;px&quot;,&quot;size&quot;:50,&quot;sizes&quot;:[]},&quot;classic_columns&quot;:&quot;3&quot;,&quot;classic_columns_tablet&quot;:&quot;2&quot;,&quot;classic_columns_mobile&quot;:&quot;1&quot;,&quot;classic_row_gap_widescreen&quot;:{&quot;unit&quot;:&quot;px&quot;,&quot;size&quot;:&quot;&quot;,&quot;sizes&quot;:[]},&quot;classic_row_gap_tablet&quot;:{&quot;unit&quot;:&quot;px&quot;,&quot;size&quot;:&quot;&quot;,&quot;sizes&quot;:[]},&quot;classic_row_gap_mobile&quot;:{&quot;unit&quot;:&quot;px&quot;,&quot;size&quot;:&quot;&quot;,&quot;sizes&quot;:[]}}\" data-widget_type=\"posts.classic\">\n\t\t\t\t<div class=\"elementor-widget-container\">\n\t\t\t\t\t\t\t<div class=\"elementor-posts-container elementor-posts elementor-posts--skin-classic elementor-grid\" role=\"list\">\n\t\t\t\t<article class=\"elementor-post elementor-grid-item post-3575 post type-post status-publish format-standard hentry category-uncategorized\" role=\"listitem\">\n\t\t\t\t<div class=\"elementor-post__text\">\n\t\t\t\t<h3 class=\"elementor-post__title\">\n\t\t\t<a href=\"https:\/\/mgfg.io\/es\/the-business-value-of-proactive-it-maintenance-in-a-high-demand-digital-environment\" >\n\t\t\t\tEl valor empresarial del mantenimiento proactivo de IT en un entorno digital de alta demanda\t\t\t<\/a>\n\t\t<\/h3>\n\t\t\t\t<div class=\"elementor-post__excerpt\">\n\t\t\t<p>La creciente dependencia de herramientas digitales, plataformas en la nube y sistemas interconectados ha hecho que el mantenimiento proactivo de TI sea un factor clave para la continuidad operativa. En lugar de reaccionar ante fallos que interrumpen la actividad, las organizaciones est\u00e1n adoptando estrategias preventivas que mantienen los sistemas estables, seguros y optimizados.<\/p>\n\t\t<\/div>\n\t\t\n\t\t<a class=\"elementor-post__read-more\" href=\"https:\/\/mgfg.io\/es\/the-business-value-of-proactive-it-maintenance-in-a-high-demand-digital-environment\" aria-label=\"Read more about The Business Value of Proactive IT Maintenance in a High\u2011Demand Digital Environment\" tabindex=\"-1\" >\n\t\t\tLeer M\u00e1s \"\t\t<\/a>\n\n\t\t\t\t<\/div>\n\t\t\t\t<\/article>\n\t\t\t\t<article class=\"elementor-post elementor-grid-item post-3573 post type-post status-publish format-standard hentry category-uncategorized\" role=\"listitem\">\n\t\t\t\t<div class=\"elementor-post__text\">\n\t\t\t\t<h3 class=\"elementor-post__title\">\n\t\t\t<a href=\"https:\/\/mgfg.io\/es\/how-digital-transformation-strengthens-operational-efficiency-and-long-term-growth\" >\n\t\t\t\tC\u00f3mo la transformaci\u00f3n digital fortalece la eficiencia operativa y el crecimiento a largo plazo\t\t\t<\/a>\n\t\t<\/h3>\n\t\t\t\t<div class=\"elementor-post__excerpt\">\n\t\t\t<p>La transformaci\u00f3n digital se ha convertido en un factor clave para las organizaciones que buscan mantener su competitividad en un mercado en constante evoluci\u00f3n. Ya no se limita \u00fanicamente a la adopci\u00f3n de nuevas tecnolog\u00edas, sino que representa un cambio estrat\u00e9gico en la forma en que las empresas operan, generan valor y optimizan sus procesos.<\/p>\n\t\t<\/div>\n\t\t\n\t\t<a class=\"elementor-post__read-more\" href=\"https:\/\/mgfg.io\/es\/how-digital-transformation-strengthens-operational-efficiency-and-long-term-growth\" aria-label=\"Read more about How Digital Transformation Strengthens Operational Efficiency and Long\u2011Term Growth\" tabindex=\"-1\" >\n\t\t\tLeer M\u00e1s \"\t\t<\/a>\n\n\t\t\t\t<\/div>\n\t\t\t\t<\/article>\n\t\t\t\t<article class=\"elementor-post elementor-grid-item post-3570 post type-post status-publish format-standard hentry category-uncategorized\" role=\"listitem\">\n\t\t\t\t<div class=\"elementor-post__text\">\n\t\t\t\t<h3 class=\"elementor-post__title\">\n\t\t\t<a href=\"https:\/\/mgfg.io\/es\/why-cybersecurity-readiness-determines-business-resilience-in-the-digital-era\" >\n\t\t\t\t\u00bfPor qu\u00e9 la preparaci\u00f3n en ciberseguridad determina la resiliencia empresarial en la era digital?\t\t\t<\/a>\n\t\t<\/h3>\n\t\t\t\t<div class=\"elementor-post__excerpt\">\n\t\t\t<p>A medida que las organizaciones contin\u00faan digitalizando sus operaciones, la preparaci\u00f3n en ciberseguridad se ha convertido en uno de los factores m\u00e1s cr\u00edticos para garantizar la resiliencia empresarial a largo plazo. Las empresas modernas dependen de sistemas interconectados, plataformas en la nube y entornos de trabajo remoto. Aunque estas tecnolog\u00edas impulsan el crecimiento, tambi\u00e9n aumentan la exposici\u00f3n a riesgos que pueden afectar la continuidad del negocio.<\/p>\n\t\t<\/div>\n\t\t\n\t\t<a class=\"elementor-post__read-more\" href=\"https:\/\/mgfg.io\/es\/why-cybersecurity-readiness-determines-business-resilience-in-the-digital-era\" aria-label=\"Read more about Why Cybersecurity Readiness Determines Business Resilience in the Digital Era\" tabindex=\"-1\" >\n\t\t\tLeer M\u00e1s \"\t\t<\/a>\n\n\t\t\t\t<\/div>\n\t\t\t\t<\/article>\n\t\t\t\t<article class=\"elementor-post elementor-grid-item post-3568 post type-post status-publish format-standard hentry category-uncategorized\" role=\"listitem\">\n\t\t\t\t<div class=\"elementor-post__text\">\n\t\t\t\t<h3 class=\"elementor-post__title\">\n\t\t\t<a href=\"https:\/\/mgfg.io\/es\/how-cloud-migration-accelerates-business-innovation-and-reduces-operational-costs\" >\n\t\t\t\tC\u00f3mo la migraci\u00f3n a la nube acelera la innovaci\u00f3n y reduce los costes operativos\t\t\t<\/a>\n\t\t<\/h3>\n\t\t\t\t<div class=\"elementor-post__excerpt\">\n\t\t\t<p>La migraci\u00f3n a la nube se ha convertido en una de las decisiones m\u00e1s estrat\u00e9gicas para modernizar la infraestructura tecnol\u00f3gica. A medida que las organizaciones crecen, los sistemas locales tradicionales suelen tener dificultades para adaptarse a las crecientes exigencias de rendimiento, seguridad y escalabilidad. La adopci\u00f3n de soluciones en la nube permite optimizar recursos, mejorar la flexibilidad operativa y reducir costes a largo plazo.<\/p>\n\t\t<\/div>\n\t\t\n\t\t<a class=\"elementor-post__read-more\" href=\"https:\/\/mgfg.io\/es\/how-cloud-migration-accelerates-business-innovation-and-reduces-operational-costs\" aria-label=\"Read more about How Cloud Migration Accelerates Business Innovation and Reduces Operational Costs\" tabindex=\"-1\" >\n\t\t\tLeer M\u00e1s \"\t\t<\/a>\n\n\t\t\t\t<\/div>\n\t\t\t\t<\/article>\n\t\t\t\t<article class=\"elementor-post elementor-grid-item post-3566 post type-post status-publish format-standard hentry category-uncategorized\" role=\"listitem\">\n\t\t\t\t<div class=\"elementor-post__text\">\n\t\t\t\t<h3 class=\"elementor-post__title\">\n\t\t\t<a href=\"https:\/\/mgfg.io\/es\/how-professional-it-support-enhances-security-and-efficiency-in-modern-organizations\" >\n\t\t\t\tC\u00f3mo el soporte profesional de IT mejora la seguridad y la eficiencia en las organizaciones modernas\t\t\t<\/a>\n\t\t<\/h3>\n\t\t\t\t<div class=\"elementor-post__excerpt\">\n\t\t\t<p>Los sistemas digitales se han convertido en la columna vertebral de las operaciones empresariales. Por ello, la demanda de soporte t\u00e9cnico especializado contin\u00faa creciendo. Las organizaciones dependen de la tecnolog\u00eda para la comunicaci\u00f3n, la gesti\u00f3n de datos y la coordinaci\u00f3n de procesos internos. Cuando estos sistemas fallan o se vuelven vulnerables, toda la operativa puede verse afectada.<\/p>\n\t\t<\/div>\n\t\t\n\t\t<a class=\"elementor-post__read-more\" href=\"https:\/\/mgfg.io\/es\/how-professional-it-support-enhances-security-and-efficiency-in-modern-organizations\" aria-label=\"Read more about How Professional IT Support Enhances Security and Efficiency in Modern Organizations\" tabindex=\"-1\" >\n\t\t\tLeer M\u00e1s \"\t\t<\/a>\n\n\t\t\t\t<\/div>\n\t\t\t\t<\/article>\n\t\t\t\t<article class=\"elementor-post elementor-grid-item post-3564 post type-post status-publish format-standard hentry category-uncategorized\" role=\"listitem\">\n\t\t\t\t<div class=\"elementor-post__text\">\n\t\t\t\t<h3 class=\"elementor-post__title\">\n\t\t\t<a href=\"https:\/\/mgfg.io\/es\/the-importance-of-modern-it-infrastructure-for-business-growth\" >\n\t\t\t\tLa importancia de la infraestructura moderna de IT para el crecimiento Empresarial\t\t\t<\/a>\n\t\t<\/h3>\n\t\t\t\t<div class=\"elementor-post__excerpt\">\n\t\t\t<p>En un entorno digital altamente competitivo, el \u00e9xito empresarial depende de la fiabilidad, la seguridad y la escalabilidad de la infraestructura tecnol\u00f3gica. Organizaciones de todos los tama\u00f1os conf\u00edan en la tecnolog\u00eda para proteger datos sensibles y garantizar la continuidad operativa. A medida que los sistemas se vuelven m\u00e1s complejos, contar con una infraestructura moderna y bien gestionada se convierte en un factor cr\u00edtico para el crecimiento sostenible.<\/p>\n\t\t<\/div>\n\t\t\n\t\t<a class=\"elementor-post__read-more\" href=\"https:\/\/mgfg.io\/es\/the-importance-of-modern-it-infrastructure-for-business-growth\" aria-label=\"Read more about The Importance of Modern IT Infrastructure for Business Growth\" tabindex=\"-1\" >\n\t\t\tLeer M\u00e1s \"\t\t<\/a>\n\n\t\t\t\t<\/div>\n\t\t\t\t<\/article>\n\t\t\t\t<\/div>\n\t\t\n\t\t\t\t\t\t<\/div>\n\t\t\t\t<\/div>\n\t\t\t\t\t<\/div>\n\t\t\t\t<\/div>\n\t\t\t\t<\/div>","protected":false},"excerpt":{"rendered":"<p>Blog<\/p>","protected":false},"author":1,"featured_media":0,"parent":0,"menu_order":0,"comment_status":"closed","ping_status":"closed","template":"","meta":{"footnotes":""},"class_list":["post-3401","page","type-page","status-publish","hentry"],"_links":{"self":[{"href":"https:\/\/mgfg.io\/es\/wp-json\/wp\/v2\/pages\/3401","targetHints":{"allow":["GET"]}}],"collection":[{"href":"https:\/\/mgfg.io\/es\/wp-json\/wp\/v2\/pages"}],"about":[{"href":"https:\/\/mgfg.io\/es\/wp-json\/wp\/v2\/types\/page"}],"author":[{"embeddable":true,"href":"https:\/\/mgfg.io\/es\/wp-json\/wp\/v2\/users\/1"}],"replies":[{"embeddable":true,"href":"https:\/\/mgfg.io\/es\/wp-json\/wp\/v2\/comments?post=3401"}],"version-history":[{"count":25,"href":"https:\/\/mgfg.io\/es\/wp-json\/wp\/v2\/pages\/3401\/revisions"}],"predecessor-version":[{"id":3595,"href":"https:\/\/mgfg.io\/es\/wp-json\/wp\/v2\/pages\/3401\/revisions\/3595"}],"wp:attachment":[{"href":"https:\/\/mgfg.io\/es\/wp-json\/wp\/v2\/media?parent=3401"}],"curies":[{"name":"wp","href":"https:\/\/api.w.org\/{rel}","templated":true}]}}