{"id":3401,"date":"2025-04-17T07:39:39","date_gmt":"2025-04-17T07:39:39","guid":{"rendered":"https:\/\/mgfg.io\/?page_id=3401"},"modified":"2026-02-10T09:09:20","modified_gmt":"2026-02-10T09:09:20","slug":"news-and-blog","status":"publish","type":"page","link":"https:\/\/mgfg.io\/fr\/news-and-blog","title":{"rendered":"Actualit\u00e9s et les blogs"},"content":{"rendered":"<div data-elementor-type=\"wp-page\" data-elementor-id=\"3401\" class=\"elementor elementor-3401\" data-elementor-post-type=\"page\">\n\t\t\t\t<div class=\"elementor-element elementor-element-dfa1990 e-flex e-con-boxed e-con e-parent\" data-id=\"dfa1990\" data-element_type=\"container\" data-e-type=\"container\" data-settings=\"{&quot;background_background&quot;:&quot;classic&quot;}\">\n\t\t\t\t\t<div class=\"e-con-inner\">\n\t\t<div class=\"elementor-element elementor-element-16c4d82 e-con-full e-flex e-con e-child\" data-id=\"16c4d82\" data-element_type=\"container\" data-e-type=\"container\">\n\t\t\t\t<div class=\"elementor-element elementor-element-5dc2af2 elementor-widget elementor-widget-heading\" data-id=\"5dc2af2\" data-element_type=\"widget\" data-e-type=\"widget\" data-widget_type=\"heading.default\">\n\t\t\t\t\t<div class=\"elementor-heading-title elementor-size-default\">Actualit\u00e9s et les blogs<\/div>\t\t\t\t<\/div>\n\t\t\t\t<\/div>\n\t\t<div class=\"elementor-element elementor-element-f48bf3c e-con-full e-flex e-con e-child\" data-id=\"f48bf3c\" data-element_type=\"container\" data-e-type=\"container\">\n\t\t\t\t<div class=\"elementor-element elementor-element-51f9a3d elementor-widget elementor-widget-image\" data-id=\"51f9a3d\" data-element_type=\"widget\" data-e-type=\"widget\" data-widget_type=\"image.default\">\n\t\t\t\t\t\t\t\t\t\t\t\t\t\t\t<img fetchpriority=\"high\" decoding=\"async\" width=\"1000\" height=\"591\" src=\"https:\/\/mgfg.io\/wp-content\/uploads\/2025\/04\/6798.jpg\" class=\"attachment-large size-large wp-image-3351\" alt=\"\" srcset=\"https:\/\/mgfg.io\/wp-content\/uploads\/2025\/04\/6798.jpg 1000w, https:\/\/mgfg.io\/wp-content\/uploads\/2025\/04\/6798-300x177.jpg 300w, https:\/\/mgfg.io\/wp-content\/uploads\/2025\/04\/6798-768x454.jpg 768w\" sizes=\"(max-width: 1000px) 100vw, 1000px\" loading=\"eager\" \/>\t\t\t\t\t\t\t\t\t\t\t\t\t\t\t<\/div>\n\t\t\t\t<\/div>\n\t\t\t\t\t<\/div>\n\t\t\t\t<\/div>\n\t\t<div class=\"elementor-element elementor-element-6c2b695 e-flex e-con-boxed e-con e-parent\" data-id=\"6c2b695\" data-element_type=\"container\" data-e-type=\"container\">\n\t\t\t\t\t<div class=\"e-con-inner\">\n\t\t\t\t<div class=\"elementor-element elementor-element-2a51fec elementor-grid-3 elementor-grid-tablet-2 elementor-grid-mobile-1 elementor-posts--thumbnail-top elementor-widget elementor-widget-posts\" data-id=\"2a51fec\" data-element_type=\"widget\" data-e-type=\"widget\" data-settings=\"{&quot;classic_row_gap&quot;:{&quot;unit&quot;:&quot;px&quot;,&quot;size&quot;:50,&quot;sizes&quot;:[]},&quot;classic_columns&quot;:&quot;3&quot;,&quot;classic_columns_tablet&quot;:&quot;2&quot;,&quot;classic_columns_mobile&quot;:&quot;1&quot;,&quot;classic_row_gap_widescreen&quot;:{&quot;unit&quot;:&quot;px&quot;,&quot;size&quot;:&quot;&quot;,&quot;sizes&quot;:[]},&quot;classic_row_gap_tablet&quot;:{&quot;unit&quot;:&quot;px&quot;,&quot;size&quot;:&quot;&quot;,&quot;sizes&quot;:[]},&quot;classic_row_gap_mobile&quot;:{&quot;unit&quot;:&quot;px&quot;,&quot;size&quot;:&quot;&quot;,&quot;sizes&quot;:[]}}\" data-widget_type=\"posts.classic\">\n\t\t\t\t<div class=\"elementor-widget-container\">\n\t\t\t\t\t\t\t<div class=\"elementor-posts-container elementor-posts elementor-posts--skin-classic elementor-grid\" role=\"list\">\n\t\t\t\t<article class=\"elementor-post elementor-grid-item post-3575 post type-post status-publish format-standard hentry category-uncategorized\" role=\"listitem\">\n\t\t\t\t<div class=\"elementor-post__text\">\n\t\t\t\t<h3 class=\"elementor-post__title\">\n\t\t\t<a href=\"https:\/\/mgfg.io\/fr\/the-business-value-of-proactive-it-maintenance-in-a-high-demand-digital-environment\" >\n\t\t\t\tLa Valeur de l'Entreprise de fa\u00e7on Proactive, Maintenance informatique dans une Forte Demande, l'Environnement Num\u00e9rique\t\t\t<\/a>\n\t\t<\/h3>\n\t\t\t\t<div class=\"elementor-post__excerpt\">\n\t\t\t<p>Comme organisations reposent de plus en plus lourdement sur les outils num\u00e9riques, des plateformes de cloud computing et des syst\u00e8mes interconnect\u00e9s, l'importance de l'proactive de la maintenance continue de cro\u00eetre. Au lieu d'attendre pour les questions \u00e0 perturber les op\u00e9rations, les entreprises \u00e9voluent vers des strat\u00e9gies de pr\u00e9vention gardez les syst\u00e8mes stables,<\/p>\n\t\t<\/div>\n\t\t\n\t\t<a class=\"elementor-post__read-more\" href=\"https:\/\/mgfg.io\/fr\/the-business-value-of-proactive-it-maintenance-in-a-high-demand-digital-environment\" aria-label=\"Read more about The Business Value of Proactive IT Maintenance in a High\u2011Demand Digital Environment\" tabindex=\"-1\" >\n\t\t\tLire La Suite \u00bb\t\t<\/a>\n\n\t\t\t\t<\/div>\n\t\t\t\t<\/article>\n\t\t\t\t<article class=\"elementor-post elementor-grid-item post-3573 post type-post status-publish format-standard hentry category-uncategorized\" role=\"listitem\">\n\t\t\t\t<div class=\"elementor-post__text\">\n\t\t\t\t<h3 class=\"elementor-post__title\">\n\t\t\t<a href=\"https:\/\/mgfg.io\/fr\/how-digital-transformation-strengthens-operational-efficiency-and-long-term-growth\" >\n\t\t\t\tComment la Transformation Num\u00e9rique Renforce l'Efficacit\u00e9 Op\u00e9rationnelle et la Croissance \u00e0 Long Terme\t\t\t<\/a>\n\t\t<\/h3>\n\t\t\t\t<div class=\"elementor-post__excerpt\">\n\t\t\t<p>La transformation num\u00e9rique est devenue un facteur d\u00e9terminant pour les entreprises qui souhaitent rester comp\u00e9titives dans un march\u00e9 qui \u00e9volue rapidement. Il n'est plus limit\u00e9e \u00e0 l'adoption de nouvelles technologies repr\u00e9sente un changement strat\u00e9gique dans la fa\u00e7on dont les entreprises op\u00e8rent, \u00e0 produire de la valeur, et<\/p>\n\t\t<\/div>\n\t\t\n\t\t<a class=\"elementor-post__read-more\" href=\"https:\/\/mgfg.io\/fr\/how-digital-transformation-strengthens-operational-efficiency-and-long-term-growth\" aria-label=\"Read more about How Digital Transformation Strengthens Operational Efficiency and Long\u2011Term Growth\" tabindex=\"-1\" >\n\t\t\tLire La Suite \u00bb\t\t<\/a>\n\n\t\t\t\t<\/div>\n\t\t\t\t<\/article>\n\t\t\t\t<article class=\"elementor-post elementor-grid-item post-3570 post type-post status-publish format-standard hentry category-uncategorized\" role=\"listitem\">\n\t\t\t\t<div class=\"elementor-post__text\">\n\t\t\t\t<h3 class=\"elementor-post__title\">\n\t\t\t<a href=\"https:\/\/mgfg.io\/fr\/why-cybersecurity-readiness-determines-business-resilience-in-the-digital-era\" >\n\t\t\t\tPourquoi la Cybers\u00e9curit\u00e9 de l'\u00e9tat de Pr\u00e9paration D\u00e9termine la R\u00e9silience de l'Entreprise \u00e0 l'\u00c8re du Num\u00e9rique\t\t\t<\/a>\n\t\t<\/h3>\n\t\t\t\t<div class=\"elementor-post__excerpt\">\n\t\t\t<p>En tant qu'organisations de continuer \u00e0 num\u00e9riser leurs op\u00e9rations, de l'\u00e9tat de pr\u00e9paration de la cybers\u00e9curit\u00e9 est devenue l'un des facteurs les plus importants influant sur le long terme la r\u00e9silience de l'entreprise. Modernes, les entreprises comptent sur les syst\u00e8mes interconnect\u00e9s, des plateformes de cloud computing \u00e0 distance de l'environnement de travail, et bas\u00e9es sur des donn\u00e9es de processus. Bien que ces technologies permettent de croissance,<\/p>\n\t\t<\/div>\n\t\t\n\t\t<a class=\"elementor-post__read-more\" href=\"https:\/\/mgfg.io\/fr\/why-cybersecurity-readiness-determines-business-resilience-in-the-digital-era\" aria-label=\"Read more about Why Cybersecurity Readiness Determines Business Resilience in the Digital Era\" tabindex=\"-1\" >\n\t\t\tLire La Suite \u00bb\t\t<\/a>\n\n\t\t\t\t<\/div>\n\t\t\t\t<\/article>\n\t\t\t\t<article class=\"elementor-post elementor-grid-item post-3568 post type-post status-publish format-standard hentry category-uncategorized\" role=\"listitem\">\n\t\t\t\t<div class=\"elementor-post__text\">\n\t\t\t\t<h3 class=\"elementor-post__title\">\n\t\t\t<a href=\"https:\/\/mgfg.io\/fr\/how-cloud-migration-accelerates-business-innovation-and-reduces-operational-costs\" >\n\t\t\t\tComment migrer vers le Cloud Acc\u00e9l\u00e8re l'Innovation des Entreprises et R\u00e9duit les Co\u00fbts Op\u00e9rationnels\t\t\t<\/a>\n\t\t<\/h3>\n\t\t\t\t<div class=\"elementor-post__excerpt\">\n\t\t\t<p>Migration vers le nuage est devenu l'un des plus percutants entreprises peuvent prendre des mesures pour moderniser leur infrastructure informatique. Que les entreprises grandissent, traditionnelle syst\u00e8mes sur site et ont du mal \u00e0 suivre avec l'augmentation de la demande pour la performance, la s\u00e9curit\u00e9 et l'\u00e9volutivit\u00e9. Le d\u00e9placement de la<\/p>\n\t\t<\/div>\n\t\t\n\t\t<a class=\"elementor-post__read-more\" href=\"https:\/\/mgfg.io\/fr\/how-cloud-migration-accelerates-business-innovation-and-reduces-operational-costs\" aria-label=\"Read more about How Cloud Migration Accelerates Business Innovation and Reduces Operational Costs\" tabindex=\"-1\" >\n\t\t\tLire La Suite \u00bb\t\t<\/a>\n\n\t\t\t\t<\/div>\n\t\t\t\t<\/article>\n\t\t\t\t<article class=\"elementor-post elementor-grid-item post-3566 post type-post status-publish format-standard hentry category-uncategorized\" role=\"listitem\">\n\t\t\t\t<div class=\"elementor-post__text\">\n\t\t\t\t<h3 class=\"elementor-post__title\">\n\t\t\t<a href=\"https:\/\/mgfg.io\/fr\/how-professional-it-support-enhances-security-and-efficiency-in-modern-organizations\" >\n\t\t\t\tComment Support informatique Professionnelle Am\u00e9liore la S\u00e9curit\u00e9 et l'Efficacit\u00e9 dans les Organisations Modernes\t\t\t<\/a>\n\t\t<\/h3>\n\t\t\t\t<div class=\"elementor-post__excerpt\">\n\t\t\t<p>Comme les syst\u00e8mes num\u00e9riques de devenir l'\u00e9pine dorsale des activit\u00e9s de l'entreprise, la demande pour un service fiable IL aide continue \u00e0 cro\u00eetre. Les entreprises d\u00e9pendent de la technologie de la communication, de la gestion des donn\u00e9es, service \u00e0 la client\u00e8le, et les flux internes. Lorsque ces syst\u00e8mes de panne ou vuln\u00e9rables, l'ensemble de la<\/p>\n\t\t<\/div>\n\t\t\n\t\t<a class=\"elementor-post__read-more\" href=\"https:\/\/mgfg.io\/fr\/how-professional-it-support-enhances-security-and-efficiency-in-modern-organizations\" aria-label=\"Read more about How Professional IT Support Enhances Security and Efficiency in Modern Organizations\" tabindex=\"-1\" >\n\t\t\tLire La Suite \u00bb\t\t<\/a>\n\n\t\t\t\t<\/div>\n\t\t\t\t<\/article>\n\t\t\t\t<article class=\"elementor-post elementor-grid-item post-3564 post type-post status-publish format-standard hentry category-uncategorized\" role=\"listitem\">\n\t\t\t\t<div class=\"elementor-post__text\">\n\t\t\t\t<h3 class=\"elementor-post__title\">\n\t\t\t<a href=\"https:\/\/mgfg.io\/fr\/the-importance-of-modern-it-infrastructure-for-business-growth\" >\n\t\t\t\tL'Importance de l'Infrastructure informatique Moderne pour la Croissance de l'Entreprise\t\t\t<\/a>\n\t\t<\/h3>\n\t\t\t\t<div class=\"elementor-post__excerpt\">\n\t\t\t<p>Comp\u00e9titifs dans un environnement num\u00e9rique, le succ\u00e8s d'une entreprise d\u00e9pend de la fiabilit\u00e9, la s\u00e9curit\u00e9 et l'\u00e9volutivit\u00e9 de son infrastructure TI. Les organisations de toutes tailles d\u00e9pendent de la technologie pour fournir des services, de prot\u00e9ger les donn\u00e9es sensibles, et de maintenir la continuit\u00e9 des op\u00e9rations. \u00c0 mesure que les syst\u00e8mes deviennent de plus<\/p>\n\t\t<\/div>\n\t\t\n\t\t<a class=\"elementor-post__read-more\" href=\"https:\/\/mgfg.io\/fr\/the-importance-of-modern-it-infrastructure-for-business-growth\" aria-label=\"Read more about The Importance of Modern IT Infrastructure for Business Growth\" tabindex=\"-1\" >\n\t\t\tLire La Suite \u00bb\t\t<\/a>\n\n\t\t\t\t<\/div>\n\t\t\t\t<\/article>\n\t\t\t\t<\/div>\n\t\t\n\t\t\t\t\t\t<\/div>\n\t\t\t\t<\/div>\n\t\t\t\t\t<\/div>\n\t\t\t\t<\/div>\n\t\t\t\t<\/div>","protected":false},"excerpt":{"rendered":"<p>Actualit\u00e9s et les blogs<\/p>","protected":false},"author":1,"featured_media":0,"parent":0,"menu_order":0,"comment_status":"closed","ping_status":"closed","template":"","meta":{"footnotes":""},"class_list":["post-3401","page","type-page","status-publish","hentry"],"_links":{"self":[{"href":"https:\/\/mgfg.io\/fr\/wp-json\/wp\/v2\/pages\/3401","targetHints":{"allow":["GET"]}}],"collection":[{"href":"https:\/\/mgfg.io\/fr\/wp-json\/wp\/v2\/pages"}],"about":[{"href":"https:\/\/mgfg.io\/fr\/wp-json\/wp\/v2\/types\/page"}],"author":[{"embeddable":true,"href":"https:\/\/mgfg.io\/fr\/wp-json\/wp\/v2\/users\/1"}],"replies":[{"embeddable":true,"href":"https:\/\/mgfg.io\/fr\/wp-json\/wp\/v2\/comments?post=3401"}],"version-history":[{"count":25,"href":"https:\/\/mgfg.io\/fr\/wp-json\/wp\/v2\/pages\/3401\/revisions"}],"predecessor-version":[{"id":3595,"href":"https:\/\/mgfg.io\/fr\/wp-json\/wp\/v2\/pages\/3401\/revisions\/3595"}],"wp:attachment":[{"href":"https:\/\/mgfg.io\/fr\/wp-json\/wp\/v2\/media?parent=3401"}],"curies":[{"name":"wp","href":"https:\/\/api.w.org\/{rel}","templated":true}]}}